{"id":1885,"date":"2024-04-01T22:01:50","date_gmt":"2024-04-01T22:01:50","guid":{"rendered":"https:\/\/www.youngsters.community\/?page_id=1885"},"modified":"2024-04-09T18:07:04","modified_gmt":"2024-04-09T18:07:04","slug":"terminos-legales","status":"publish","type":"page","link":"https:\/\/www.youngsters.community\/en\/terminos-legales\/","title":{"rendered":"Legal Terms"},"content":{"rendered":"<div data-elementor-type=\"wp-page\" data-elementor-id=\"1885\" class=\"elementor elementor-1885\" data-elementor-post-type=\"page\">\n\t\t\t\t<div class=\"elementor-element elementor-element-4abc0dd e-flex e-con-boxed e-con e-parent\" data-id=\"4abc0dd\" data-element_type=\"container\">\n\t\t\t\t\t<div class=\"e-con-inner\">\n\t\t\t\t<div class=\"elementor-element elementor-element-b29fc31 elementor-widget elementor-widget-heading\" data-id=\"b29fc31\" data-element_type=\"widget\" data-widget_type=\"heading.default\">\n\t\t\t\t<div class=\"elementor-widget-container\">\n\t\t\t\t\t<h2 class=\"elementor-heading-title elementor-size-default\">Legal Terms<\/h2>\t\t\t\t<\/div>\n\t\t\t\t<\/div>\n\t\t\t\t<div class=\"elementor-element elementor-element-a9cd3f3 elementor-widget elementor-widget-text-editor\" data-id=\"a9cd3f3\" data-element_type=\"widget\" data-widget_type=\"text-editor.default\">\n\t\t\t\t<div class=\"elementor-widget-container\">\n\t\t\t\t\t\t\t\t\t<p><strong><u>Convenio de Entrenamiento<\/u><\/strong><\/p>\n<p><strong><u>&nbsp;<\/u><\/strong><\/p>\n<p>Este convenio tendr\u00e1 validez legal inmediatamente despu\u00e9s de la compra entre Youngsters Community &nbsp;y EL \u201cCLIENTE\u201d<\/p>\n<p>Todo servicio que Youngsters Community , le dar\u00e1 al cliente, se sujetar\u00e1 a este convenio.<\/p>\n<p>El cliente, como contraprestaci\u00f3n a los servicios de entrenamiento de Youngsters Community, acepta pagar una inscripci\u00f3n de $2,000 pesos., adem\u00e1s de una mensualidad de $3,000 &nbsp;pesos.&nbsp;<\/p>\n<p>Si el cliente no realiza los entrenamientos, independientemente de la causa, dentro de los primeros 10 d\u00edas del m\u00e9s se le dar\u00e1 de baja y tendr\u00e1 que pagar $2,000 de inscripci\u00f3n para volver a ingresar.<\/p>\n<p>El atleta avisar\u00e1 con 21 d\u00edas de anticipaci\u00f3n en caso que los costos establecidos en supra l\u00edneas sufran alg\u00fan cambio.<\/p>\n<p>Dichos costos entrar\u00e1n en vigor en el mes siguiente inmediato a la notificaci\u00f3n realizada por Youngsters Community.<\/p>\n<p>Para rescindir este convenio, las partes deber\u00e1n hacerlo mediante escrito con una temporalidad de 30 d\u00edas anteriores a la entrada en vigor de la rescisi\u00f3n.<\/p>\n<p>Este convenio faculta a Youngsters Community, para utilizar fotograf\u00edas que se obtengan derivadas de los entrenos del cliente, en todas sus formas, para publicitar y comercializar su negocio.<\/p>\n<p>El cliente as\u00ed lo acepta y desde este momento se\u00f1ala que no tiene facultades para solicitar compensaci\u00f3n alguna por dicho uso.<\/p>\n<p>El cliente acepta que no podr\u00e1 hacer uso de ninguna droga para mejorar su rendimiento o alguna recreativa durante la vigencia de este convenio. Haci\u00e9ndose acreedor a la rescisi\u00f3n inmediata del presente y dependiendo de su falta, el posible aviso a las autoridades correspondientes.<\/p>\n<p>Como es su intenci\u00f3n y voluntad celebrar el presente convenio, libre de todo vicio del consentimiento que pudiera afectar su validez y al reconocer que no media error, dolo, mala fe, violencia o intimidaci\u00f3n de ning\u00fan tipo que pudiera invalidarlo o afectarlo las partes firman este convenio el d\u00eda 01, del mes de Enero, del a\u00f1o de <u>2024<\/u> dos mil veinticuatro.<\/p>\n<p><\/p>\n<p><strong><u>&nbsp;<\/u><\/strong><\/p>\n<p><strong><u>Acuerdo De Confidencialidad<\/u><\/strong><\/p>\n<p>El \u201cCLIENTE\u201d reconoce que en virtud del presente convenio de prestaci\u00f3n de servicios y de la relaci\u00f3n con Youngsters Community, conocer\u00e1 informaci\u00f3n confidencial y aprender\u00e1 t\u00e9cnicas profesionales deportivas, tales como secretos comerciales, t\u00e9cnicas de entrenamiento y venta, programas, dise\u00f1os, c\u00f3digos, asesoramientos, consultor\u00edas,&nbsp; y dem\u00e1s informaci\u00f3n, misma que de manera enunciativa m\u00e1s no limitativa deber\u00e1 considerarse como toda aquella informaci\u00f3n con tal car\u00e1cter y que no es conocida por terceros ajenos al atleta, incluyendo la informaci\u00f3n concebida, originada, descubierta, desarrollada total o parcialmente por s\u00ed, ya sea mediante informaci\u00f3n oral o escrita, diagramas, instrucciones, ideas, cursos, conceptos, especificaciones, procesos, procedimientos, conocimientos y cualquier otra informaci\u00f3n que por su naturaleza sea considerada como confidencial de EL \u201cCLIENTE\u201d est\u00e1 consciente de que dicha informaci\u00f3n y t\u00e9cnicas son propiedad y cuestiones prioritarias para EL \u201cCLIENTE\u201d, en virtud de la ventaja econ\u00f3mica y competitiva que significa, ventaja que depende directamente de que dicha informaci\u00f3n se mantenga en estricta confidencialidad y secrec\u00eda.<\/p>\n<p>Por lo anterior, dicha informaci\u00f3n, t\u00e9cnicas y dem\u00e1s son de uso estrictamente confidencial, por lo cual se obliga a no usarlos para s\u00ed o para un tercero, oblig\u00e1ndose a no divulgar, comunicar o hacer accesibles a ninguna persona, para su propio beneficio o tercera persona fisca o moral, bajo pena de las sanciones penales y civiles que cometa y oblig\u00e1ndose a la reparaci\u00f3n integral del da\u00f1o en caso de divulgarlas.<\/p>\n<p><strong><u><br><\/u><\/strong><\/p><p><strong><u>Aviso De Privacidad<\/u><\/strong><\/p>\n<p>En cumplimiento a la Ley de Protecci\u00f3n de Datos Personales en Posesi\u00f3n de Particulares, el \u201cCLIENTE\u201d expresamente reconoce que fue explicado de la naturaleza de la recopilaci\u00f3n de datos que ha realizado, ampliamente comprendiendo que los mismos fueron entregados de forma voluntaria y que son inherentes y necesarios en toda relaci\u00f3n de trabajo; de conformidad con las fracciones II y V&nbsp; de la citada ley, el tratamiento de sus datos personales incluye su obtenci\u00f3n, uso, divulgaci\u00f3n y almacenamiento por cualquier medio, as\u00ed como su acceso, manejo, aprovechamiento, transferencia, disposici\u00f3n, supuestos que podr\u00e1 realizar Youngsters Community as\u00ed como sus directivos, administradores, empresas filiales, asociadas o relacionadas, propiamente como se efect\u00faa en toda relaci\u00f3n de prestaci\u00f3n de servicios&#8230;&#8230;&#8230;&#8230;&#8230;<\/p>\n<p><strong><u><br><\/u><\/strong><\/p><p><strong><u>Jurisdicci\u00f3n Y Competencia<\/u><\/strong><\/p>\n<p>En todo lo no expresamente pactado en este convenio las partes, se sujetan incondicionalmente a la competencia de los Juzgados correspondientes en la ciudad de Le\u00f3n, Guanajuato, as\u00ed como a las autoridades competentes para el caso en que el \u201cCLIENTE\u201d incurra en divulgaci\u00f3n de informaci\u00f3n de acuerdo a la cl\u00e1usula inmediata anterior&#8230;&#8230;&#8230;&#8230;&#8230;&#8230;&#8230;&#8230;&#8230;&#8230;&#8230;&#8230;&#8230;&#8230;..<\/p>\n<p>Le\u00eddo por las partes que lo celebran e impuestas las mismas de su contenido y alcance legal, manifiestan comprenderlo en su integridad y conforme con el presente contrato, reconociendo que el mismo no contiene cl\u00e1usulas contrarias a derecho, a la moral ni a las buenas costumbres, lo firman en cada una de sus dos p\u00e1ginas numeradas, en Le\u00f3n, Estado de Guanajuato, a los 01 d\u00edas del mes de Enero de 2024 dos mil veinticuatro.<\/p>\n<p><\/p>\n<p><strong><u><br><\/u><\/strong><\/p><p><strong><u>Liberaci\u00f3n De Responsabilidad Contra Terceros <\/u><\/strong><\/p>\n<p><strong><u>&nbsp;<\/u><\/strong><\/p>\n<p>Yo, como \u201cCliente\u201d de Youngsters Community, acepto que al participar en cualquier actividad f\u00edsica incluido este entrenamiento que yo solicit\u00e9, ingresar a cualquier centro de entrenamiento, utilizar cualquier aparato, es y ser\u00e1 siempre bajo mi propio riesgo y desde ahora exento y excuso a _______, de cualquier lesi\u00f3n o da\u00f1o que pudiera sufrir, durante mis entrenamientos o despu\u00e9s de ellos.<\/p>\n<p>Esto incluye, pero no se limita a, mi uso de cualquier equipo de ejercicio. Asumo el riesgo de mi participaci\u00f3n en cualquier actividad. Acepto que participo voluntariamente en las actividades antes mencionadas y asumo todos los riesgos.<\/p>\n<p>Por la presente, en mi nombre, en el de mis herederos y cualquier representante, renuncio y libero de responsabilidad para siempre a Youngsters Community, de toda responsabilidad o gasto que se le pueda imputar.<\/p>\n<p>Esta liberaci\u00f3n es ampl\u00edsima y al ser mayor de edad con todas las facultades f\u00edsicas y legales a la firma del presente la acepto voluntariamente es su totalidad reconociendo que no contiene cl\u00e1usulas contrarias a derecho, a la moral ni a las buenas costumbres.<\/p>\n<p><\/p>\n<p>Nombre completo:<\/p>\n<p><\/p>\n<p>&nbsp;&nbsp;&nbsp;&nbsp;&nbsp;&nbsp;&nbsp;&nbsp;&nbsp;&nbsp;&nbsp;&nbsp;&nbsp;&nbsp;&nbsp;&nbsp;&nbsp;&nbsp;&nbsp;&nbsp;&nbsp;&nbsp;&nbsp;&nbsp;&nbsp;&nbsp;&nbsp;&nbsp;&nbsp;&nbsp;&nbsp;&nbsp;&nbsp;&nbsp;&nbsp;&nbsp;&nbsp;&nbsp;&nbsp;&nbsp;&nbsp;&nbsp;&nbsp;&nbsp;&nbsp;&nbsp;&nbsp;&nbsp;&nbsp;&nbsp; ____________________________-<\/p>\n<p>&nbsp;&nbsp;&nbsp;&nbsp;&nbsp;&nbsp;&nbsp;&nbsp;&nbsp;&nbsp;&nbsp;&nbsp;&nbsp;&nbsp;&nbsp;&nbsp;&nbsp;&nbsp;&nbsp;&nbsp;&nbsp;&nbsp;&nbsp;&nbsp;&nbsp;&nbsp;&nbsp;&nbsp;&nbsp;&nbsp;&nbsp;&nbsp;&nbsp;&nbsp;&nbsp;&nbsp;&nbsp;&nbsp;&nbsp;&nbsp;&nbsp;&nbsp;&nbsp;&nbsp;&nbsp;&nbsp;&nbsp;&nbsp;&nbsp;&nbsp;&nbsp;&nbsp;&nbsp; Firma del \u201cCliente\u201d<\/p>\t\t\t\t\t\t\t\t<\/div>\n\t\t\t\t<\/div>\n\t\t\t\t\t<\/div>\n\t\t\t\t<\/div>\n\t\t\t\t<\/div>","protected":false},"excerpt":{"rendered":"<p>T\u00e9rminos Legales Convenio de Entrenamiento &nbsp; Este convenio tendr\u00e1 validez legal inmediatamente despu\u00e9s de la compra entre Youngsters Community &nbsp;y EL \u201cCLIENTE\u201d Todo servicio que Youngsters Community , le dar\u00e1 al cliente, se sujetar\u00e1 a este convenio. El cliente, como contraprestaci\u00f3n a los servicios de entrenamiento de Youngsters Community, acepta pagar una inscripci\u00f3n de $2,000 [&hellip;]<\/p>\n","protected":false},"author":1,"featured_media":0,"parent":0,"menu_order":0,"comment_status":"closed","ping_status":"closed","template":"","meta":{"footnotes":""},"class_list":["post-1885","page","type-page","status-publish","hentry"],"yoast_head":"<!-- This site is optimized with the Yoast SEO plugin v27.4 - https:\/\/yoast.com\/product\/yoast-seo-wordpress\/ -->\n<title>T\u00e9rminos Legales - Youngsters Community<\/title>\n<meta name=\"robots\" content=\"index, follow, max-snippet:-1, max-image-preview:large, max-video-preview:-1\" \/>\n<link rel=\"canonical\" href=\"https:\/\/www.youngsters.community\/en\/terminos-legales\/\" \/>\n<meta property=\"og:locale\" content=\"en_US\" \/>\n<meta property=\"og:type\" content=\"article\" \/>\n<meta property=\"og:title\" content=\"T\u00e9rminos Legales - Youngsters Community\" \/>\n<meta property=\"og:description\" content=\"T\u00e9rminos Legales Convenio de Entrenamiento &nbsp; Este convenio tendr\u00e1 validez legal inmediatamente despu\u00e9s de la compra entre Youngsters Community &nbsp;y EL \u201cCLIENTE\u201d Todo servicio que Youngsters Community , le dar\u00e1 al cliente, se sujetar\u00e1 a este convenio. El cliente, como contraprestaci\u00f3n a los servicios de entrenamiento de Youngsters Community, acepta pagar una inscripci\u00f3n de $2,000 [&hellip;]\" \/>\n<meta property=\"og:url\" content=\"https:\/\/www.youngsters.community\/en\/terminos-legales\/\" \/>\n<meta property=\"og:site_name\" content=\"Youngsters Community\" \/>\n<meta property=\"article:modified_time\" content=\"2024-04-09T18:07:04+00:00\" \/>\n<meta name=\"twitter:card\" content=\"summary_large_image\" \/>\n<meta name=\"twitter:label1\" content=\"Est. reading time\" \/>\n\t<meta name=\"twitter:data1\" content=\"5 minutes\" \/>\n<script type=\"application\/ld+json\" class=\"yoast-schema-graph\">{\"@context\":\"https:\\\/\\\/schema.org\",\"@graph\":[{\"@type\":\"WebPage\",\"@id\":\"https:\\\/\\\/www.youngsters.community\\\/terminos-legales\\\/\",\"url\":\"https:\\\/\\\/www.youngsters.community\\\/terminos-legales\\\/\",\"name\":\"T\u00e9rminos Legales - Youngsters Community\",\"isPartOf\":{\"@id\":\"https:\\\/\\\/www.youngsters.community\\\/#website\"},\"datePublished\":\"2024-04-01T22:01:50+00:00\",\"dateModified\":\"2024-04-09T18:07:04+00:00\",\"breadcrumb\":{\"@id\":\"https:\\\/\\\/www.youngsters.community\\\/terminos-legales\\\/#breadcrumb\"},\"inLanguage\":\"en-US\",\"potentialAction\":[{\"@type\":\"ReadAction\",\"target\":[\"https:\\\/\\\/www.youngsters.community\\\/terminos-legales\\\/\"]}]},{\"@type\":\"BreadcrumbList\",\"@id\":\"https:\\\/\\\/www.youngsters.community\\\/terminos-legales\\\/#breadcrumb\",\"itemListElement\":[{\"@type\":\"ListItem\",\"position\":1,\"name\":\"Inicio\",\"item\":\"https:\\\/\\\/www.youngsters.community\\\/\"},{\"@type\":\"ListItem\",\"position\":2,\"name\":\"T\u00e9rminos Legales\"}]},{\"@type\":\"WebSite\",\"@id\":\"https:\\\/\\\/www.youngsters.community\\\/#website\",\"url\":\"https:\\\/\\\/www.youngsters.community\\\/\",\"name\":\"Youngsters Community\",\"description\":\"\",\"publisher\":{\"@id\":\"https:\\\/\\\/www.youngsters.community\\\/#organization\"},\"potentialAction\":[{\"@type\":\"SearchAction\",\"target\":{\"@type\":\"EntryPoint\",\"urlTemplate\":\"https:\\\/\\\/www.youngsters.community\\\/?s={search_term_string}\"},\"query-input\":{\"@type\":\"PropertyValueSpecification\",\"valueRequired\":true,\"valueName\":\"search_term_string\"}}],\"inLanguage\":\"en-US\"},{\"@type\":\"Organization\",\"@id\":\"https:\\\/\\\/www.youngsters.community\\\/#organization\",\"name\":\"Youngsters Community\",\"url\":\"https:\\\/\\\/www.youngsters.community\\\/\",\"logo\":{\"@type\":\"ImageObject\",\"inLanguage\":\"en-US\",\"@id\":\"https:\\\/\\\/www.youngsters.community\\\/#\\\/schema\\\/logo\\\/image\\\/\",\"url\":\"https:\\\/\\\/www.youngsters.community\\\/wp-content\\\/uploads\\\/2023\\\/11\\\/Youngsters-png-3.png\",\"contentUrl\":\"https:\\\/\\\/www.youngsters.community\\\/wp-content\\\/uploads\\\/2023\\\/11\\\/Youngsters-png-3.png\",\"width\":828,\"height\":304,\"caption\":\"Youngsters Community\"},\"image\":{\"@id\":\"https:\\\/\\\/www.youngsters.community\\\/#\\\/schema\\\/logo\\\/image\\\/\"}}]}<\/script>\n<!-- \/ Yoast SEO plugin. -->","yoast_head_json":{"title":"T\u00e9rminos Legales - Youngsters Community","robots":{"index":"index","follow":"follow","max-snippet":"max-snippet:-1","max-image-preview":"max-image-preview:large","max-video-preview":"max-video-preview:-1"},"canonical":"https:\/\/www.youngsters.community\/en\/terminos-legales\/","og_locale":"en_US","og_type":"article","og_title":"T\u00e9rminos Legales - Youngsters Community","og_description":"T\u00e9rminos Legales Convenio de Entrenamiento &nbsp; Este convenio tendr\u00e1 validez legal inmediatamente despu\u00e9s de la compra entre Youngsters Community &nbsp;y EL \u201cCLIENTE\u201d Todo servicio que Youngsters Community , le dar\u00e1 al cliente, se sujetar\u00e1 a este convenio. El cliente, como contraprestaci\u00f3n a los servicios de entrenamiento de Youngsters Community, acepta pagar una inscripci\u00f3n de $2,000 [&hellip;]","og_url":"https:\/\/www.youngsters.community\/en\/terminos-legales\/","og_site_name":"Youngsters Community","article_modified_time":"2024-04-09T18:07:04+00:00","twitter_card":"summary_large_image","twitter_misc":{"Est. reading time":"5 minutes"},"schema":{"@context":"https:\/\/schema.org","@graph":[{"@type":"WebPage","@id":"https:\/\/www.youngsters.community\/terminos-legales\/","url":"https:\/\/www.youngsters.community\/terminos-legales\/","name":"T\u00e9rminos Legales - Youngsters Community","isPartOf":{"@id":"https:\/\/www.youngsters.community\/#website"},"datePublished":"2024-04-01T22:01:50+00:00","dateModified":"2024-04-09T18:07:04+00:00","breadcrumb":{"@id":"https:\/\/www.youngsters.community\/terminos-legales\/#breadcrumb"},"inLanguage":"en-US","potentialAction":[{"@type":"ReadAction","target":["https:\/\/www.youngsters.community\/terminos-legales\/"]}]},{"@type":"BreadcrumbList","@id":"https:\/\/www.youngsters.community\/terminos-legales\/#breadcrumb","itemListElement":[{"@type":"ListItem","position":1,"name":"Inicio","item":"https:\/\/www.youngsters.community\/"},{"@type":"ListItem","position":2,"name":"T\u00e9rminos Legales"}]},{"@type":"WebSite","@id":"https:\/\/www.youngsters.community\/#website","url":"https:\/\/www.youngsters.community\/","name":"Youngsters Community","description":"","publisher":{"@id":"https:\/\/www.youngsters.community\/#organization"},"potentialAction":[{"@type":"SearchAction","target":{"@type":"EntryPoint","urlTemplate":"https:\/\/www.youngsters.community\/?s={search_term_string}"},"query-input":{"@type":"PropertyValueSpecification","valueRequired":true,"valueName":"search_term_string"}}],"inLanguage":"en-US"},{"@type":"Organization","@id":"https:\/\/www.youngsters.community\/#organization","name":"Youngsters Community","url":"https:\/\/www.youngsters.community\/","logo":{"@type":"ImageObject","inLanguage":"en-US","@id":"https:\/\/www.youngsters.community\/#\/schema\/logo\/image\/","url":"https:\/\/www.youngsters.community\/wp-content\/uploads\/2023\/11\/Youngsters-png-3.png","contentUrl":"https:\/\/www.youngsters.community\/wp-content\/uploads\/2023\/11\/Youngsters-png-3.png","width":828,"height":304,"caption":"Youngsters Community"},"image":{"@id":"https:\/\/www.youngsters.community\/#\/schema\/logo\/image\/"}}]}},"_links":{"self":[{"href":"https:\/\/www.youngsters.community\/en\/wp-json\/wp\/v2\/pages\/1885","targetHints":{"allow":["GET"]}}],"collection":[{"href":"https:\/\/www.youngsters.community\/en\/wp-json\/wp\/v2\/pages"}],"about":[{"href":"https:\/\/www.youngsters.community\/en\/wp-json\/wp\/v2\/types\/page"}],"author":[{"embeddable":true,"href":"https:\/\/www.youngsters.community\/en\/wp-json\/wp\/v2\/users\/1"}],"replies":[{"embeddable":true,"href":"https:\/\/www.youngsters.community\/en\/wp-json\/wp\/v2\/comments?post=1885"}],"version-history":[{"count":0,"href":"https:\/\/www.youngsters.community\/en\/wp-json\/wp\/v2\/pages\/1885\/revisions"}],"wp:attachment":[{"href":"https:\/\/www.youngsters.community\/en\/wp-json\/wp\/v2\/media?parent=1885"}],"curies":[{"name":"wp","href":"https:\/\/api.w.org\/{rel}","templated":true}]}}