{"id":148,"date":"2023-11-30T17:31:36","date_gmt":"2023-11-30T17:31:36","guid":{"rendered":"https:\/\/www.youngsters.community\/?page_id=148"},"modified":"2025-02-25T11:31:56","modified_gmt":"2025-02-25T17:31:56","slug":"faqs","status":"publish","type":"page","link":"https:\/\/www.youngsters.community\/en\/faqs\/","title":{"rendered":"FAQ&#8217;S"},"content":{"rendered":"<div data-elementor-type=\"wp-page\" data-elementor-id=\"148\" class=\"elementor elementor-148\" data-elementor-post-type=\"page\">\n\t\t\t\t<div class=\"elementor-element elementor-element-18b635e e-con-full e-flex e-con e-parent\" data-id=\"18b635e\" data-element_type=\"container\" data-settings=\"{&quot;background_background&quot;:&quot;classic&quot;}\">\n\t\t\t\t<div class=\"elementor-element elementor-element-eed70bb elementor-widget elementor-widget-heading\" data-id=\"eed70bb\" data-element_type=\"widget\" data-widget_type=\"heading.default\">\n\t\t\t\t<div class=\"elementor-widget-container\">\n\t\t\t\t\t<h2 class=\"elementor-heading-title elementor-size-default translation-block\">Frequently  <br> <i style=\"color:#FF9A24\"> Asked Questions<\/i><\/h2>\t\t\t\t<\/div>\n\t\t\t\t<\/div>\n\t\t\t\t<div class=\"elementor-element elementor-element-178c0bb elementor-widget elementor-widget-toggle\" data-id=\"178c0bb\" data-element_type=\"widget\" data-widget_type=\"toggle.default\">\n\t\t\t\t<div class=\"elementor-widget-container\">\n\t\t\t\t\t\t\t<div class=\"elementor-toggle\">\n\t\t\t\t\t\t\t<div class=\"elementor-toggle-item\">\n\t\t\t\t\t<div id=\"elementor-tab-title-2461\" class=\"elementor-tab-title\" data-tab=\"1\" role=\"button\" aria-controls=\"elementor-tab-content-2461\" aria-expanded=\"false\">\n\t\t\t\t\t\t\t\t\t\t\t\t<span class=\"elementor-toggle-icon elementor-toggle-icon-right\" aria-hidden=\"true\">\n\t\t\t\t\t\t\t\t\t\t\t\t\t\t\t<span class=\"elementor-toggle-icon-closed\"><svg class=\"e-font-icon-svg e-far-plus-square\" viewbox=\"0 0 448 512\" xmlns=\"http:\/\/www.w3.org\/2000\/svg\"><path d=\"M352 240v32c0 6.6-5.4 12-12 12h-88v88c0 6.6-5.4 12-12 12h-32c-6.6 0-12-5.4-12-12v-88h-88c-6.6 0-12-5.4-12-12v-32c0-6.6 5.4-12 12-12h88v-88c0-6.6 5.4-12 12-12h32c6.6 0 12 5.4 12 12v88h88c6.6 0 12 5.4 12 12zm96-160v352c0 26.5-21.5 48-48 48H48c-26.5 0-48-21.5-48-48V80c0-26.5 21.5-48 48-48h352c26.5 0 48 21.5 48 48zm-48 346V86c0-3.3-2.7-6-6-6H54c-3.3 0-6 2.7-6 6v340c0 3.3 2.7 6 6 6h340c3.3 0 6-2.7 6-6z\"><\/path><\/svg><\/span>\n\t\t\t\t\t\t\t\t<span class=\"elementor-toggle-icon-opened\"><svg class=\"elementor-toggle-icon-opened e-font-icon-svg e-far-plus-square\" viewbox=\"0 0 448 512\" xmlns=\"http:\/\/www.w3.org\/2000\/svg\"><path d=\"M352 240v32c0 6.6-5.4 12-12 12h-88v88c0 6.6-5.4 12-12 12h-32c-6.6 0-12-5.4-12-12v-88h-88c-6.6 0-12-5.4-12-12v-32c0-6.6 5.4-12 12-12h88v-88c0-6.6 5.4-12 12-12h32c6.6 0 12 5.4 12 12v88h88c6.6 0 12 5.4 12 12zm96-160v352c0 26.5-21.5 48-48 48H48c-26.5 0-48-21.5-48-48V80c0-26.5 21.5-48 48-48h352c26.5 0 48 21.5 48 48zm-48 346V86c0-3.3-2.7-6-6-6H54c-3.3 0-6 2.7-6 6v340c0 3.3 2.7 6 6 6h340c3.3 0 6-2.7 6-6z\"><\/path><\/svg><\/span>\n\t\t\t\t\t\t\t\t\t\t\t\t\t<\/span>\n\t\t\t\t\t\t\t\t\t\t\t\t<a class=\"elementor-toggle-title\" tabindex=\"0\">What is WKO5?<\/a>\n\t\t\t\t\t<\/div>\n\n\t\t\t\t\t<div id=\"elementor-tab-content-2461\" class=\"elementor-tab-content elementor-clearfix\" data-tab=\"1\" role=\"region\" aria-labelledby=\"elementor-tab-title-2461\"><p><span style=\"font-weight: 400;\">WKO5 is a platform that leverages your power data to generate valuable insights, turning data analysis into answers that simplify decision-making in training planning. It allows you to compare subjective feedback metrics from TrainingPeaks with objective data points to uncover trends in your training.<\/span><\/p><\/div>\n\t\t\t\t<\/div>\n\t\t\t\t\t\t\t<div class=\"elementor-toggle-item\">\n\t\t\t\t\t<div id=\"elementor-tab-title-2462\" class=\"elementor-tab-title\" data-tab=\"2\" role=\"button\" aria-controls=\"elementor-tab-content-2462\" aria-expanded=\"false\">\n\t\t\t\t\t\t\t\t\t\t\t\t<span class=\"elementor-toggle-icon elementor-toggle-icon-right\" aria-hidden=\"true\">\n\t\t\t\t\t\t\t\t\t\t\t\t\t\t\t<span class=\"elementor-toggle-icon-closed\"><svg class=\"e-font-icon-svg e-far-plus-square\" viewbox=\"0 0 448 512\" xmlns=\"http:\/\/www.w3.org\/2000\/svg\"><path d=\"M352 240v32c0 6.6-5.4 12-12 12h-88v88c0 6.6-5.4 12-12 12h-32c-6.6 0-12-5.4-12-12v-88h-88c-6.6 0-12-5.4-12-12v-32c0-6.6 5.4-12 12-12h88v-88c0-6.6 5.4-12 12-12h32c6.6 0 12 5.4 12 12v88h88c6.6 0 12 5.4 12 12zm96-160v352c0 26.5-21.5 48-48 48H48c-26.5 0-48-21.5-48-48V80c0-26.5 21.5-48 48-48h352c26.5 0 48 21.5 48 48zm-48 346V86c0-3.3-2.7-6-6-6H54c-3.3 0-6 2.7-6 6v340c0 3.3 2.7 6 6 6h340c3.3 0 6-2.7 6-6z\"><\/path><\/svg><\/span>\n\t\t\t\t\t\t\t\t<span class=\"elementor-toggle-icon-opened\"><svg class=\"elementor-toggle-icon-opened e-font-icon-svg e-far-plus-square\" viewbox=\"0 0 448 512\" xmlns=\"http:\/\/www.w3.org\/2000\/svg\"><path d=\"M352 240v32c0 6.6-5.4 12-12 12h-88v88c0 6.6-5.4 12-12 12h-32c-6.6 0-12-5.4-12-12v-88h-88c-6.6 0-12-5.4-12-12v-32c0-6.6 5.4-12 12-12h88v-88c0-6.6 5.4-12 12-12h32c6.6 0 12 5.4 12 12v88h88c6.6 0 12 5.4 12 12zm96-160v352c0 26.5-21.5 48-48 48H48c-26.5 0-48-21.5-48-48V80c0-26.5 21.5-48 48-48h352c26.5 0 48 21.5 48 48zm-48 346V86c0-3.3-2.7-6-6-6H54c-3.3 0-6 2.7-6 6v340c0 3.3 2.7 6 6 6h340c3.3 0 6-2.7 6-6z\"><\/path><\/svg><\/span>\n\t\t\t\t\t\t\t\t\t\t\t\t\t<\/span>\n\t\t\t\t\t\t\t\t\t\t\t\t<a class=\"elementor-toggle-title\" tabindex=\"0\">What is TrainingPeaks?<\/a>\n\t\t\t\t\t<\/div>\n\n\t\t\t\t\t<div id=\"elementor-tab-content-2462\" class=\"elementor-tab-content elementor-clearfix\" data-tab=\"2\" role=\"region\" aria-labelledby=\"elementor-tab-title-2462\"><p><span style=\"font-weight: 400;\">TrainingPeaks is the most reliable and powerful training app in the world, allowing us to plan, track, and analyze your training. It syncs with your favorite apps and devices, such as watches, to provide real-time guidance. This way, both you and we can monitor your physical progress with tools based on your data.<\/span><\/p><\/div>\n\t\t\t\t<\/div>\n\t\t\t\t\t\t\t<div class=\"elementor-toggle-item\">\n\t\t\t\t\t<div id=\"elementor-tab-title-2463\" class=\"elementor-tab-title\" data-tab=\"3\" role=\"button\" aria-controls=\"elementor-tab-content-2463\" aria-expanded=\"false\">\n\t\t\t\t\t\t\t\t\t\t\t\t<span class=\"elementor-toggle-icon elementor-toggle-icon-right\" aria-hidden=\"true\">\n\t\t\t\t\t\t\t\t\t\t\t\t\t\t\t<span class=\"elementor-toggle-icon-closed\"><svg class=\"e-font-icon-svg e-far-plus-square\" viewbox=\"0 0 448 512\" xmlns=\"http:\/\/www.w3.org\/2000\/svg\"><path d=\"M352 240v32c0 6.6-5.4 12-12 12h-88v88c0 6.6-5.4 12-12 12h-32c-6.6 0-12-5.4-12-12v-88h-88c-6.6 0-12-5.4-12-12v-32c0-6.6 5.4-12 12-12h88v-88c0-6.6 5.4-12 12-12h32c6.6 0 12 5.4 12 12v88h88c6.6 0 12 5.4 12 12zm96-160v352c0 26.5-21.5 48-48 48H48c-26.5 0-48-21.5-48-48V80c0-26.5 21.5-48 48-48h352c26.5 0 48 21.5 48 48zm-48 346V86c0-3.3-2.7-6-6-6H54c-3.3 0-6 2.7-6 6v340c0 3.3 2.7 6 6 6h340c3.3 0 6-2.7 6-6z\"><\/path><\/svg><\/span>\n\t\t\t\t\t\t\t\t<span class=\"elementor-toggle-icon-opened\"><svg class=\"elementor-toggle-icon-opened e-font-icon-svg e-far-plus-square\" viewbox=\"0 0 448 512\" xmlns=\"http:\/\/www.w3.org\/2000\/svg\"><path d=\"M352 240v32c0 6.6-5.4 12-12 12h-88v88c0 6.6-5.4 12-12 12h-32c-6.6 0-12-5.4-12-12v-88h-88c-6.6 0-12-5.4-12-12v-32c0-6.6 5.4-12 12-12h88v-88c0-6.6 5.4-12 12-12h32c6.6 0 12 5.4 12 12v88h88c6.6 0 12 5.4 12 12zm96-160v352c0 26.5-21.5 48-48 48H48c-26.5 0-48-21.5-48-48V80c0-26.5 21.5-48 48-48h352c26.5 0 48 21.5 48 48zm-48 346V86c0-3.3-2.7-6-6-6H54c-3.3 0-6 2.7-6 6v340c0 3.3 2.7 6 6 6h340c3.3 0 6-2.7 6-6z\"><\/path><\/svg><\/span>\n\t\t\t\t\t\t\t\t\t\t\t\t\t<\/span>\n\t\t\t\t\t\t\t\t\t\t\t\t<a class=\"elementor-toggle-title\" tabindex=\"0\">Who are the sponsors?<\/a>\n\t\t\t\t\t<\/div>\n\n\t\t\t\t\t<div id=\"elementor-tab-content-2463\" class=\"elementor-tab-content elementor-clearfix\" data-tab=\"3\" role=\"region\" aria-labelledby=\"elementor-tab-title-2463\"><p><span style=\"font-weight: 400;\">Safetti (Elite package: seasonal clothing, discounts, top-tier tri suit, pre-sale, and access to exclusive team clothing; Community package: discounts and access to exclusive team clothing)<\/span><\/p><p><span style=\"font-weight: 400;\">Birdman (discounts and products for team activities)<\/span><\/p><p><span style=\"font-weight: 400;\">Maurten (discounts)<\/span><\/p><p><span style=\"font-weight: 400;\">TrainingPeaks (available only in Elite and Pro packages: premium subscription at no cost)<\/span><\/p><\/div>\n\t\t\t\t<\/div>\n\t\t\t\t\t\t\t\t<\/div>\n\t\t\t\t\t\t<\/div>\n\t\t\t\t<\/div>\n\t\t\t\t<\/div>\n\t\t\t\t<\/div>","protected":false},"excerpt":{"rendered":"<p>Preguntas Frecuentes \u00bfQu\u00e9\u00a0es\u00a0el\u00a0WKO5? WKO5 es una plataforma que aprovecha tus datos de potencia para generar informaci\u00f3n valiosa, convirtiendo el an\u00e1lisis de datos en respuestas que facilitan la toma de decisiones en la planificaci\u00f3n de entrenamiento. Permite comparar m\u00e9tricas de retroalimentaci\u00f3n subjetiva de TrainingPeaks con puntos de datos objetivos para descubrir tendencias en tu entrenamiento. \u00bfQu\u00e9 [&hellip;]<\/p>\n","protected":false},"author":1,"featured_media":151,"parent":0,"menu_order":0,"comment_status":"closed","ping_status":"closed","template":"elementor_header_footer","meta":{"footnotes":""},"class_list":["post-148","page","type-page","status-publish","has-post-thumbnail","hentry"],"yoast_head":"<!-- This site is optimized with the Yoast SEO plugin v27.4 - https:\/\/yoast.com\/product\/yoast-seo-wordpress\/ -->\n<title>FAQ&#039;S - Youngsters Community<\/title>\n<meta name=\"robots\" content=\"index, follow, max-snippet:-1, max-image-preview:large, max-video-preview:-1\" \/>\n<link rel=\"canonical\" href=\"https:\/\/www.youngsters.community\/en\/faqs\/\" \/>\n<meta property=\"og:locale\" content=\"en_US\" \/>\n<meta property=\"og:type\" content=\"article\" \/>\n<meta property=\"og:title\" content=\"FAQ&#039;S - Youngsters Community\" \/>\n<meta property=\"og:description\" content=\"Preguntas Frecuentes \u00bfQu\u00e9\u00a0es\u00a0el\u00a0WKO5? WKO5 es una plataforma que aprovecha tus datos de potencia para generar informaci\u00f3n valiosa, convirtiendo el an\u00e1lisis de datos en respuestas que facilitan la toma de decisiones en la planificaci\u00f3n de entrenamiento. Permite comparar m\u00e9tricas de retroalimentaci\u00f3n subjetiva de TrainingPeaks con puntos de datos objetivos para descubrir tendencias en tu entrenamiento. \u00bfQu\u00e9 [&hellip;]\" \/>\n<meta property=\"og:url\" content=\"https:\/\/www.youngsters.community\/en\/faqs\/\" \/>\n<meta property=\"og:site_name\" content=\"Youngsters Community\" \/>\n<meta property=\"article:modified_time\" content=\"2025-02-25T17:31:56+00:00\" \/>\n<meta property=\"og:image\" content=\"https:\/\/www.youngsters.community\/wp-content\/uploads\/2023\/11\/cropped-youngsters-favicon-1.png\" \/>\n\t<meta property=\"og:image:width\" content=\"512\" \/>\n\t<meta property=\"og:image:height\" content=\"512\" \/>\n\t<meta property=\"og:image:type\" content=\"image\/png\" \/>\n<meta name=\"twitter:card\" content=\"summary_large_image\" \/>\n<meta name=\"twitter:label1\" content=\"Est. reading time\" \/>\n\t<meta name=\"twitter:data1\" content=\"1 minute\" \/>\n<script type=\"application\/ld+json\" class=\"yoast-schema-graph\">{\"@context\":\"https:\\\/\\\/schema.org\",\"@graph\":[{\"@type\":\"WebPage\",\"@id\":\"https:\\\/\\\/www.youngsters.community\\\/faqs\\\/\",\"url\":\"https:\\\/\\\/www.youngsters.community\\\/faqs\\\/\",\"name\":\"FAQ'S - Youngsters Community\",\"isPartOf\":{\"@id\":\"https:\\\/\\\/www.youngsters.community\\\/#website\"},\"primaryImageOfPage\":{\"@id\":\"https:\\\/\\\/www.youngsters.community\\\/faqs\\\/#primaryimage\"},\"image\":{\"@id\":\"https:\\\/\\\/www.youngsters.community\\\/faqs\\\/#primaryimage\"},\"thumbnailUrl\":\"https:\\\/\\\/www.youngsters.community\\\/wp-content\\\/uploads\\\/2023\\\/11\\\/cropped-youngsters-favicon-1.png\",\"datePublished\":\"2023-11-30T17:31:36+00:00\",\"dateModified\":\"2025-02-25T17:31:56+00:00\",\"breadcrumb\":{\"@id\":\"https:\\\/\\\/www.youngsters.community\\\/faqs\\\/#breadcrumb\"},\"inLanguage\":\"en-US\",\"potentialAction\":[{\"@type\":\"ReadAction\",\"target\":[\"https:\\\/\\\/www.youngsters.community\\\/faqs\\\/\"]}]},{\"@type\":\"ImageObject\",\"inLanguage\":\"en-US\",\"@id\":\"https:\\\/\\\/www.youngsters.community\\\/faqs\\\/#primaryimage\",\"url\":\"https:\\\/\\\/www.youngsters.community\\\/wp-content\\\/uploads\\\/2023\\\/11\\\/cropped-youngsters-favicon-1.png\",\"contentUrl\":\"https:\\\/\\\/www.youngsters.community\\\/wp-content\\\/uploads\\\/2023\\\/11\\\/cropped-youngsters-favicon-1.png\",\"width\":512,\"height\":512},{\"@type\":\"BreadcrumbList\",\"@id\":\"https:\\\/\\\/www.youngsters.community\\\/faqs\\\/#breadcrumb\",\"itemListElement\":[{\"@type\":\"ListItem\",\"position\":1,\"name\":\"Inicio\",\"item\":\"https:\\\/\\\/www.youngsters.community\\\/\"},{\"@type\":\"ListItem\",\"position\":2,\"name\":\"FAQ&#8217;S\"}]},{\"@type\":\"WebSite\",\"@id\":\"https:\\\/\\\/www.youngsters.community\\\/#website\",\"url\":\"https:\\\/\\\/www.youngsters.community\\\/\",\"name\":\"Youngsters Community\",\"description\":\"\",\"publisher\":{\"@id\":\"https:\\\/\\\/www.youngsters.community\\\/#organization\"},\"potentialAction\":[{\"@type\":\"SearchAction\",\"target\":{\"@type\":\"EntryPoint\",\"urlTemplate\":\"https:\\\/\\\/www.youngsters.community\\\/?s={search_term_string}\"},\"query-input\":{\"@type\":\"PropertyValueSpecification\",\"valueRequired\":true,\"valueName\":\"search_term_string\"}}],\"inLanguage\":\"en-US\"},{\"@type\":\"Organization\",\"@id\":\"https:\\\/\\\/www.youngsters.community\\\/#organization\",\"name\":\"Youngsters Community\",\"url\":\"https:\\\/\\\/www.youngsters.community\\\/\",\"logo\":{\"@type\":\"ImageObject\",\"inLanguage\":\"en-US\",\"@id\":\"https:\\\/\\\/www.youngsters.community\\\/#\\\/schema\\\/logo\\\/image\\\/\",\"url\":\"https:\\\/\\\/www.youngsters.community\\\/wp-content\\\/uploads\\\/2023\\\/11\\\/Youngsters-png-3.png\",\"contentUrl\":\"https:\\\/\\\/www.youngsters.community\\\/wp-content\\\/uploads\\\/2023\\\/11\\\/Youngsters-png-3.png\",\"width\":828,\"height\":304,\"caption\":\"Youngsters Community\"},\"image\":{\"@id\":\"https:\\\/\\\/www.youngsters.community\\\/#\\\/schema\\\/logo\\\/image\\\/\"}}]}<\/script>\n<!-- \/ Yoast SEO plugin. -->","yoast_head_json":{"title":"FAQ'S - Youngsters Community","robots":{"index":"index","follow":"follow","max-snippet":"max-snippet:-1","max-image-preview":"max-image-preview:large","max-video-preview":"max-video-preview:-1"},"canonical":"https:\/\/www.youngsters.community\/en\/faqs\/","og_locale":"en_US","og_type":"article","og_title":"FAQ'S - Youngsters Community","og_description":"Preguntas Frecuentes \u00bfQu\u00e9\u00a0es\u00a0el\u00a0WKO5? WKO5 es una plataforma que aprovecha tus datos de potencia para generar informaci\u00f3n valiosa, convirtiendo el an\u00e1lisis de datos en respuestas que facilitan la toma de decisiones en la planificaci\u00f3n de entrenamiento. Permite comparar m\u00e9tricas de retroalimentaci\u00f3n subjetiva de TrainingPeaks con puntos de datos objetivos para descubrir tendencias en tu entrenamiento. \u00bfQu\u00e9 [&hellip;]","og_url":"https:\/\/www.youngsters.community\/en\/faqs\/","og_site_name":"Youngsters Community","article_modified_time":"2025-02-25T17:31:56+00:00","og_image":[{"width":512,"height":512,"url":"https:\/\/www.youngsters.community\/wp-content\/uploads\/2023\/11\/cropped-youngsters-favicon-1.png","type":"image\/png"}],"twitter_card":"summary_large_image","twitter_misc":{"Est. reading time":"1 minute"},"schema":{"@context":"https:\/\/schema.org","@graph":[{"@type":"WebPage","@id":"https:\/\/www.youngsters.community\/faqs\/","url":"https:\/\/www.youngsters.community\/faqs\/","name":"FAQ'S - Youngsters Community","isPartOf":{"@id":"https:\/\/www.youngsters.community\/#website"},"primaryImageOfPage":{"@id":"https:\/\/www.youngsters.community\/faqs\/#primaryimage"},"image":{"@id":"https:\/\/www.youngsters.community\/faqs\/#primaryimage"},"thumbnailUrl":"https:\/\/www.youngsters.community\/wp-content\/uploads\/2023\/11\/cropped-youngsters-favicon-1.png","datePublished":"2023-11-30T17:31:36+00:00","dateModified":"2025-02-25T17:31:56+00:00","breadcrumb":{"@id":"https:\/\/www.youngsters.community\/faqs\/#breadcrumb"},"inLanguage":"en-US","potentialAction":[{"@type":"ReadAction","target":["https:\/\/www.youngsters.community\/faqs\/"]}]},{"@type":"ImageObject","inLanguage":"en-US","@id":"https:\/\/www.youngsters.community\/faqs\/#primaryimage","url":"https:\/\/www.youngsters.community\/wp-content\/uploads\/2023\/11\/cropped-youngsters-favicon-1.png","contentUrl":"https:\/\/www.youngsters.community\/wp-content\/uploads\/2023\/11\/cropped-youngsters-favicon-1.png","width":512,"height":512},{"@type":"BreadcrumbList","@id":"https:\/\/www.youngsters.community\/faqs\/#breadcrumb","itemListElement":[{"@type":"ListItem","position":1,"name":"Inicio","item":"https:\/\/www.youngsters.community\/"},{"@type":"ListItem","position":2,"name":"FAQ&#8217;S"}]},{"@type":"WebSite","@id":"https:\/\/www.youngsters.community\/#website","url":"https:\/\/www.youngsters.community\/","name":"Youngsters Community","description":"","publisher":{"@id":"https:\/\/www.youngsters.community\/#organization"},"potentialAction":[{"@type":"SearchAction","target":{"@type":"EntryPoint","urlTemplate":"https:\/\/www.youngsters.community\/?s={search_term_string}"},"query-input":{"@type":"PropertyValueSpecification","valueRequired":true,"valueName":"search_term_string"}}],"inLanguage":"en-US"},{"@type":"Organization","@id":"https:\/\/www.youngsters.community\/#organization","name":"Youngsters Community","url":"https:\/\/www.youngsters.community\/","logo":{"@type":"ImageObject","inLanguage":"en-US","@id":"https:\/\/www.youngsters.community\/#\/schema\/logo\/image\/","url":"https:\/\/www.youngsters.community\/wp-content\/uploads\/2023\/11\/Youngsters-png-3.png","contentUrl":"https:\/\/www.youngsters.community\/wp-content\/uploads\/2023\/11\/Youngsters-png-3.png","width":828,"height":304,"caption":"Youngsters Community"},"image":{"@id":"https:\/\/www.youngsters.community\/#\/schema\/logo\/image\/"}}]}},"_links":{"self":[{"href":"https:\/\/www.youngsters.community\/en\/wp-json\/wp\/v2\/pages\/148","targetHints":{"allow":["GET"]}}],"collection":[{"href":"https:\/\/www.youngsters.community\/en\/wp-json\/wp\/v2\/pages"}],"about":[{"href":"https:\/\/www.youngsters.community\/en\/wp-json\/wp\/v2\/types\/page"}],"author":[{"embeddable":true,"href":"https:\/\/www.youngsters.community\/en\/wp-json\/wp\/v2\/users\/1"}],"replies":[{"embeddable":true,"href":"https:\/\/www.youngsters.community\/en\/wp-json\/wp\/v2\/comments?post=148"}],"version-history":[{"count":3,"href":"https:\/\/www.youngsters.community\/en\/wp-json\/wp\/v2\/pages\/148\/revisions"}],"predecessor-version":[{"id":3974,"href":"https:\/\/www.youngsters.community\/en\/wp-json\/wp\/v2\/pages\/148\/revisions\/3974"}],"wp:featuredmedia":[{"embeddable":true,"href":"https:\/\/www.youngsters.community\/en\/wp-json\/wp\/v2\/media\/151"}],"wp:attachment":[{"href":"https:\/\/www.youngsters.community\/en\/wp-json\/wp\/v2\/media?parent=148"}],"curies":[{"name":"wp","href":"https:\/\/api.w.org\/{rel}","templated":true}]}}